{"id":164,"date":"2010-01-24T12:38:01","date_gmt":"2010-01-24T11:38:01","guid":{"rendered":"http:\/\/www.nadinepleynet.fr\/164\/"},"modified":"2026-02-17T07:57:19","modified_gmt":"2026-02-17T06:57:19","slug":"164-2","status":"publish","type":"page","link":"https:\/\/www.nadinepleynet.fr\/","title":{"rendered":"Accueil"},"content":{"rendered":"<p>&nbsp;<\/p>\n<h1><span style=\"font-size: 20px;\"><span style=\"font-family: times new roman,times,serif;\"><em><strong><span style=\"font-size: large;\">La jubilation de vivre passe par la jubilation de <\/span><\/strong><\/em><\/span><\/span><span style=\"font-size: 20px;\"><span style=\"font-family: times new roman,times,serif;\"><em><strong><span style=\"font-size: large;\">peindre ! <span style=\"font-size: 12px;\"><sub>N.Pleynet \u00a0 \u00a0 \u00a0 \u00a0<\/sub><\/span><\/span><\/strong><span style=\"font-size: large;\"><span style=\"font-size: 12px;\"><sub>\u00a0<\/sub><\/span><\/span><\/em><\/span><\/span><\/h1>\n<p style=\"text-align: center;\">POUR CONTACT \/ nadine.pleynet@ik.me&#8230;&#8230;&#8230;.Retrouvez moi sur Facebook&#8230;&#8230;&#8230;&#8230;Instagram&#8230;&#8230;&#8230;&#8230;..<\/p>\n<p>&nbsp;<\/p>\n<h5 style=\"text-align: center;\"><span style=\"font-size: 20px;\"><span style=\"font-family: times new roman,times,serif;\"><em><strong><span style=\"font-size: 12px;\"><sub><span style=\"font-size: x-large;\"><img loading=\"lazy\" class=\"alignleft size-medium wp-image-4421\" src=\"http:\/\/www.nadinepleynet.fr\/wp-content\/uploads\/2025\/03\/IMG_9281-250x300.jpeg\" alt=\"\" width=\"250\" height=\"300\" srcset=\"https:\/\/www.nadinepleynet.fr\/wp-content\/uploads\/2025\/03\/IMG_9281-250x300.jpeg 250w, https:\/\/www.nadinepleynet.fr\/wp-content\/uploads\/2025\/03\/IMG_9281-1707x2048.jpeg 1707w, https:\/\/www.nadinepleynet.fr\/wp-content\/uploads\/2025\/03\/IMG_9281-768x921.jpeg 768w, https:\/\/www.nadinepleynet.fr\/wp-content\/uploads\/2025\/03\/IMG_9281-1280x1536.jpeg 1280w\" sizes=\"(max-width: 250px) 100vw, 250px\" \/>&#8230;&#8230;&#8230;&#8230;&#8230;&#8230;&#8230;&#8230;&#8230;&#8230;&#8230;&#8230;&#8230;&#8230;&#8230;&#8230;&#8230;&#8230;.<\/span><\/sub><\/span><\/strong><\/em><span style=\"font-size: 12px;\"><sub><span style=\"font-size: x-large;\">Pensive toile acrylique 60&#215;80<\/span><\/sub><\/span><\/span><\/span><\/h5>\n<p style=\"text-align: center;\"><strong><em><span style=\"font-size: large;\">A toutes les personnes qui ont pris le temps de parcourir mon site et d&rsquo;\u00e9crire quelques lignes sur mon livre d&rsquo;or&#8230;.Merci!<\/span><\/em><\/strong><\/p>\n<p style=\"text-align: center;\"><strong><em><span style=\"font-size: large;\">A toutes les personnes qui ont visit\u00e9 sans mot dire mon site&#8230;&#8230;Merci !<\/span><\/em><\/strong><\/p>\n<p style=\"text-align: center;\"><strong><em><span style=\"font-size: large;\">A toutes les personnes qui ont le projet de s&rsquo;y rendre&#8230;..Merci !<\/span><\/em><\/strong><\/p>\n<p>\u00a0 \u00a0 \u00a0 \u00a0 \u00a0 \u00a0 \u00a0 \u00a0 \u00a0 \u00a0 \u00a0 \u00a0 \u00a0 \u00a0 \u00a0 \u00a0 \u00a0 \u00a0 \u00a0 \u00a0 \u00a0 \u00a0 \u00a0 \u00a0 \u00a0 \u00a0 \u00a0 \u00a0 \u00a0 \u00a0 ____________________________<\/p>\n<p style=\"text-align: center;\"><strong><span style=\"font-family: Comic Sans MS; font-size: x-large;\">Au-del\u00e0 de la technique pure, c&rsquo;est le coeur qui pose la couleur<\/span><\/strong>&#8230;&#8230;&#8230;.<em><span style=\"font-size: xx-small;\">Nadine Pleynet<\/span><\/em><\/p>\n<blockquote>\n<div align=\"center\">\n<hr size=\"2\" width=\"100%\" \/>\n<\/div>\n<p>Tout au long des pages de mon site, c\u2019est un spectacle color\u00e9 que je vous propose de d\u00e9couvrir, ponctu\u00e9 de quelques r\u00e9flexions\u00a0 et citations pour d\u00e9couvrir mon univers.<\/p>\n<blockquote><p><em><strong>D<\/strong><\/em><em><strong>e tout temps, la peinture a fait r\u00eaver,<\/strong><\/em><em><strong>De tout temps, la d\u00e9couverte de tableaux n<\/strong><\/em><em><strong>ous donne l\u2019envie de les poss\u00e9der, de les imiter, de s\u2019y ennivrer\u2026.<\/strong><\/em><em><strong>Et pourquoi pas de les surpasser !<\/strong><\/em><\/p><\/blockquote>\n<p class=\"MsoNormal\"><span style=\"font-size: 14px;\"><span style=\"font-family: Arial;\"><span style=\"font-family: Arial;\">Un parcours que j\u2019aime ponctuer par de belles parenth\u00e8ses\u00a0dans la lumi\u00e8re&#8230;&#8230;<\/span><\/span><\/span><\/p>\n<p class=\"MsoNormal\"><span style=\"font-size: 14px;\"><span style=\"font-family: arial,helvetica,sans-serif;\">Puisse ces quelques pages vous apporter un peu de plaisir, le temps d\u2019une ballade\u2026.<\/span><\/span><\/p>\n<p style=\"text-align: right;\"><em><strong><span style=\"font-size: 16px;\">N.Pleynet<\/span><\/strong><\/em><\/p>\n<p>&nbsp;<\/p><\/blockquote>\n<p><img loading=\"lazy\" class=\"alignleft size-medium wp-image-4250\" src=\"http:\/\/www.nadinepleynet.fr\/wp-content\/uploads\/2022\/10\/IMG_1842-214x300.jpeg\" alt=\"\" width=\"214\" height=\"300\" srcset=\"https:\/\/www.nadinepleynet.fr\/wp-content\/uploads\/2022\/10\/IMG_1842-214x300.jpeg 214w, https:\/\/www.nadinepleynet.fr\/wp-content\/uploads\/2022\/10\/IMG_1842-1460x2048.jpeg 1460w, https:\/\/www.nadinepleynet.fr\/wp-content\/uploads\/2022\/10\/IMG_1842-768x1077.jpeg 768w, https:\/\/www.nadinepleynet.fr\/wp-content\/uploads\/2022\/10\/IMG_1842-1095x1536.jpeg 1095w, https:\/\/www.nadinepleynet.fr\/wp-content\/uploads\/2022\/10\/IMG_1842-scaled.jpeg 1825w\" sizes=\"(max-width: 214px) 100vw, 214px\" \/><br \/>\n<img loading=\"lazy\" class=\"alignleft size-medium wp-image-4371\" src=\"http:\/\/www.nadinepleynet.fr\/wp-content\/uploads\/2025\/02\/IMG_9141-300x297.jpeg\" alt=\"\" width=\"300\" height=\"297\" srcset=\"https:\/\/www.nadinepleynet.fr\/wp-content\/uploads\/2025\/02\/IMG_9141-300x297.jpeg 300w, https:\/\/www.nadinepleynet.fr\/wp-content\/uploads\/2025\/02\/IMG_9141-2048x2027.jpeg 2048w, https:\/\/www.nadinepleynet.fr\/wp-content\/uploads\/2025\/02\/IMG_9141-150x150.jpeg 150w, https:\/\/www.nadinepleynet.fr\/wp-content\/uploads\/2025\/02\/IMG_9141-768x760.jpeg 768w, https:\/\/www.nadinepleynet.fr\/wp-content\/uploads\/2025\/02\/IMG_9141-1536x1520.jpeg 1536w\" sizes=\"(max-width: 300px) 100vw, 300px\" \/><\/p>\n<blockquote><p>Le mariage, acrylique sur toile 50&#215;70<\/p>\n<p>Pin Up, acrylique, encre et collage<\/p><\/blockquote>\n<p>&nbsp;<\/p>\n","protected":false},"excerpt":{"rendered":"<p>&nbsp; La jubilation de vivre passe par la jubilation de peindre ! N.Pleynet \u00a0 \u00a0 \u00a0 \u00a0\u00a0 POUR CONTACT \/ nadine.pleynet@ik.me&#8230;&#8230;&#8230;.Retrouvez moi sur Facebook&#8230;&#8230;&#8230;&#8230;Instagram&#8230;&#8230;&#8230;&#8230;.. &nbsp; &#8230;&#8230;&#8230;&#8230;&#8230;&#8230;&#8230;&#8230;&#8230;&#8230;&#8230;&#8230;&#8230;&#8230;&#8230;&#8230;&#8230;&#8230;.Pensive toile acrylique 60&#215;80 A toutes les personnes qui ont pris le temps de parcourir mon site et d&rsquo;\u00e9crire quelques lignes sur mon livre d&rsquo;or&#8230;.Merci! A toutes les personnes qui [&hellip;]<\/p>\n","protected":false},"author":1,"featured_media":0,"parent":0,"menu_order":1,"comment_status":"closed","ping_status":"closed","template":"page-without-comments.php","meta":[],"_links":{"self":[{"href":"https:\/\/www.nadinepleynet.fr\/index.php?rest_route=\/wp\/v2\/pages\/164"}],"collection":[{"href":"https:\/\/www.nadinepleynet.fr\/index.php?rest_route=\/wp\/v2\/pages"}],"about":[{"href":"https:\/\/www.nadinepleynet.fr\/index.php?rest_route=\/wp\/v2\/types\/page"}],"author":[{"embeddable":true,"href":"https:\/\/www.nadinepleynet.fr\/index.php?rest_route=\/wp\/v2\/users\/1"}],"replies":[{"embeddable":true,"href":"https:\/\/www.nadinepleynet.fr\/index.php?rest_route=%2Fwp%2Fv2%2Fcomments&post=164"}],"version-history":[{"count":107,"href":"https:\/\/www.nadinepleynet.fr\/index.php?rest_route=\/wp\/v2\/pages\/164\/revisions"}],"predecessor-version":[{"id":4430,"href":"https:\/\/www.nadinepleynet.fr\/index.php?rest_route=\/wp\/v2\/pages\/164\/revisions\/4430"}],"wp:attachment":[{"href":"https:\/\/www.nadinepleynet.fr\/index.php?rest_route=%2Fwp%2Fv2%2Fmedia&parent=164"}],"curies":[{"name":"wp","href":"https:\/\/api.w.org\/{rel}","templated":true}]}}