{"id":885,"date":"2010-03-10T11:04:07","date_gmt":"2010-03-10T10:04:07","guid":{"rendered":"http:\/\/www.nadinepleynet.fr\/?page_id=885"},"modified":"2025-03-31T17:21:15","modified_gmt":"2025-03-31T16:21:15","slug":"885-2","status":"publish","type":"page","link":"http:\/\/www.nadinepleynet.fr\/?page_id=885","title":{"rendered":"Acrylique"},"content":{"rendered":"<p style=\"text-align: center;\"><span style=\"font-size: 16px;\"><span style=\"font-size: 16px;\"><a href=\"http:\/\/www.nadinepleynet.fr\/?page_id=1141\">Pr\u00e9c\u00e9dent<\/a><\/span>\u00a0 <a href=\"http:\/\/www.nadinepleynet.fr\/?page_id=541\">Suivant<\/a><\/span><\/p>\n<table style=\"width: 835px; height: 1177px;\" border=\"1\" cellspacing=\"8\" cellpadding=\"8\" align=\"center\">\n<tbody>\n<tr>\n<td style=\"text-align: center;\"><\/td>\n<td style=\"text-align: center;\"><img loading=\"lazy\" class=\"alignleft size-medium wp-image-4257\" src=\"http:\/\/www.nadinepleynet.fr\/wp-content\/uploads\/2022\/10\/IMG_9032-300x234.jpeg\" alt=\"\" width=\"300\" height=\"234\" srcset=\"http:\/\/www.nadinepleynet.fr\/wp-content\/uploads\/2022\/10\/IMG_9032-300x234.jpeg 300w, http:\/\/www.nadinepleynet.fr\/wp-content\/uploads\/2022\/10\/IMG_9032-2048x1596.jpeg 2048w, http:\/\/www.nadinepleynet.fr\/wp-content\/uploads\/2022\/10\/IMG_9032-768x599.jpeg 768w, http:\/\/www.nadinepleynet.fr\/wp-content\/uploads\/2022\/10\/IMG_9032-1536x1197.jpeg 1536w\" sizes=\"(max-width: 300px) 100vw, 300px\" \/><\/td>\n<td style=\"text-align: center;\"><a href=\"http:\/\/www.nadinepleynet.fr\/wp-content\/uploads\/2022\/09\/IMG_0659-1-scaled.jpg\"><img loading=\"lazy\" class=\"alignleft size-medium wp-image-3729\" src=\"http:\/\/www.nadinepleynet.fr\/wp-content\/uploads\/2010\/03\/DSC_0034-001-200x300.jpg\" alt=\"\" width=\"200\" height=\"300\" srcset=\"http:\/\/www.nadinepleynet.fr\/wp-content\/uploads\/2010\/03\/DSC_0034-001-200x300.jpg 200w, http:\/\/www.nadinepleynet.fr\/wp-content\/uploads\/2010\/03\/DSC_0034-001.jpg 532w\" sizes=\"(max-width: 200px) 100vw, 200px\" \/><\/a><\/td>\n<\/tr>\n<tr>\n<td style=\"text-align: center;\"><\/td>\n<td style=\"text-align: center;\"><img loading=\"lazy\" class=\"alignleft size-medium wp-image-4261\" src=\"http:\/\/www.nadinepleynet.fr\/wp-content\/uploads\/2022\/10\/IMG_1768-300x96.jpeg\" alt=\"\" width=\"300\" height=\"96\" srcset=\"http:\/\/www.nadinepleynet.fr\/wp-content\/uploads\/2022\/10\/IMG_1768-300x96.jpeg 300w, http:\/\/www.nadinepleynet.fr\/wp-content\/uploads\/2022\/10\/IMG_1768-2048x654.jpeg 2048w, http:\/\/www.nadinepleynet.fr\/wp-content\/uploads\/2022\/10\/IMG_1768-768x245.jpeg 768w, http:\/\/www.nadinepleynet.fr\/wp-content\/uploads\/2022\/10\/IMG_1768-1536x490.jpeg 1536w\" sizes=\"(max-width: 300px) 100vw, 300px\" \/><\/td>\n<td style=\"text-align: center;\"><span style=\"font-family: Arial; font-size: small;\"><span style=\"font-family: arial; font-size: 10pt;\"><a href=\"http:\/\/www.nadinepleynet.fr\/wp-content\/uploads\/2022\/09\/IMG_1555-scaled.jpg\"><img loading=\"lazy\" class=\"alignleft size-medium wp-image-4164\" src=\"http:\/\/www.nadinepleynet.fr\/wp-content\/uploads\/2022\/09\/IMG_1555-300x147.jpg\" alt=\"\" width=\"300\" height=\"147\" srcset=\"http:\/\/www.nadinepleynet.fr\/wp-content\/uploads\/2022\/09\/IMG_1555-300x147.jpg 300w, http:\/\/www.nadinepleynet.fr\/wp-content\/uploads\/2022\/09\/IMG_1555-2048x1001.jpg 2048w, http:\/\/www.nadinepleynet.fr\/wp-content\/uploads\/2022\/09\/IMG_1555-768x375.jpg 768w, http:\/\/www.nadinepleynet.fr\/wp-content\/uploads\/2022\/09\/IMG_1555-1536x751.jpg 1536w\" sizes=\"(max-width: 300px) 100vw, 300px\" \/><\/a><a href=\"http:\/\/www.nadinepleynet.fr\/wp-content\/uploads\/2022\/09\/IMG_1769-scaled.jpg\"><img loading=\"lazy\" class=\"alignleft size-medium wp-image-4165\" src=\"http:\/\/www.nadinepleynet.fr\/wp-content\/uploads\/2022\/09\/IMG_1769-245x300.jpg\" alt=\"\" width=\"245\" height=\"300\" srcset=\"http:\/\/www.nadinepleynet.fr\/wp-content\/uploads\/2022\/09\/IMG_1769-245x300.jpg 245w, http:\/\/www.nadinepleynet.fr\/wp-content\/uploads\/2022\/09\/IMG_1769-1674x2048.jpg 1674w, http:\/\/www.nadinepleynet.fr\/wp-content\/uploads\/2022\/09\/IMG_1769-768x939.jpg 768w, http:\/\/www.nadinepleynet.fr\/wp-content\/uploads\/2022\/09\/IMG_1769-1256x1536.jpg 1256w\" sizes=\"(max-width: 245px) 100vw, 245px\" \/><\/a><br \/>\n<\/span><\/span><\/td>\n<\/tr>\n<tr>\n<td style=\"text-align: center;\"><\/td>\n<td style=\"text-align: center;\"><img loading=\"lazy\" class=\"alignleft size-medium wp-image-4417\" src=\"http:\/\/www.nadinepleynet.fr\/wp-content\/uploads\/2025\/03\/IMG_9292-300x205.jpeg\" alt=\"\" width=\"300\" height=\"205\" srcset=\"http:\/\/www.nadinepleynet.fr\/wp-content\/uploads\/2025\/03\/IMG_9292-300x205.jpeg 300w, http:\/\/www.nadinepleynet.fr\/wp-content\/uploads\/2025\/03\/IMG_9292-2048x1400.jpeg 2048w, http:\/\/www.nadinepleynet.fr\/wp-content\/uploads\/2025\/03\/IMG_9292-768x525.jpeg 768w, http:\/\/www.nadinepleynet.fr\/wp-content\/uploads\/2025\/03\/IMG_9292-1536x1050.jpeg 1536w\" sizes=\"(max-width: 300px) 100vw, 300px\" \/><\/td>\n<td>Acryliques sur toile : les march\u00e9s, la campagne, les petites foules<\/td>\n<td><\/td>\n<\/tr>\n<tr>\n<td style=\"text-align: center;\">&nbsp;<\/p>\n<p>&nbsp;<\/td>\n<td style=\"text-align: center;\"><img loading=\"lazy\" class=\"alignleft size-medium wp-image-4304\" src=\"http:\/\/www.nadinepleynet.fr\/wp-content\/uploads\/2022\/11\/IMG_0586-300x151.jpg\" alt=\"\" width=\"300\" height=\"151\" srcset=\"http:\/\/www.nadinepleynet.fr\/wp-content\/uploads\/2022\/11\/IMG_0586-300x151.jpg 300w, http:\/\/www.nadinepleynet.fr\/wp-content\/uploads\/2022\/11\/IMG_0586-2048x1032.jpg 2048w, http:\/\/www.nadinepleynet.fr\/wp-content\/uploads\/2022\/11\/IMG_0586-768x387.jpg 768w, http:\/\/www.nadinepleynet.fr\/wp-content\/uploads\/2022\/11\/IMG_0586-1536x774.jpg 1536w\" sizes=\"(max-width: 300px) 100vw, 300px\" \/><\/td>\n<td style=\"text-align: center;\"><span style=\"font-family: Arial; font-size: small;\"><span style=\"font-family: arial; font-size: 10pt;\"> <img loading=\"lazy\" class=\"alignleft size-medium wp-image-4260\" src=\"http:\/\/www.nadinepleynet.fr\/wp-content\/uploads\/2022\/10\/IMG_1363-300x150.jpeg\" alt=\"\" width=\"300\" height=\"150\" srcset=\"http:\/\/www.nadinepleynet.fr\/wp-content\/uploads\/2022\/10\/IMG_1363-300x150.jpeg 300w, http:\/\/www.nadinepleynet.fr\/wp-content\/uploads\/2022\/10\/IMG_1363-2048x1022.jpeg 2048w, http:\/\/www.nadinepleynet.fr\/wp-content\/uploads\/2022\/10\/IMG_1363-768x383.jpeg 768w, http:\/\/www.nadinepleynet.fr\/wp-content\/uploads\/2022\/10\/IMG_1363-1536x767.jpeg 1536w\" sizes=\"(max-width: 300px) 100vw, 300px\" \/><br \/>\n<\/span><\/span><\/td>\n<\/tr>\n<\/tbody>\n<\/table>\n<p>&nbsp;<\/p>\n<p style=\"text-align: center;\"><span style=\"font-size: 16px;\"><span style=\"font-size: 16px;\"><a href=\"http:\/\/www.nadinepleynet.fr\/?page_id=1141\">Pr\u00e9c\u00e9dent<\/a><\/span>\u00a0 <a href=\"http:\/\/www.nadinepleynet.fr\/?page_id=541\">Suivant<\/a><\/span><\/p>\n","protected":false},"excerpt":{"rendered":"<p>Pr\u00e9c\u00e9dent\u00a0 Suivant Acryliques sur toile : les march\u00e9s, la campagne, les petites foules &nbsp; &nbsp; &nbsp; Pr\u00e9c\u00e9dent\u00a0 Suivant<\/p>\n","protected":false},"author":1,"featured_media":0,"parent":0,"menu_order":0,"comment_status":"closed","ping_status":"open","template":"","meta":[],"_links":{"self":[{"href":"http:\/\/www.nadinepleynet.fr\/index.php?rest_route=\/wp\/v2\/pages\/885"}],"collection":[{"href":"http:\/\/www.nadinepleynet.fr\/index.php?rest_route=\/wp\/v2\/pages"}],"about":[{"href":"http:\/\/www.nadinepleynet.fr\/index.php?rest_route=\/wp\/v2\/types\/page"}],"author":[{"embeddable":true,"href":"http:\/\/www.nadinepleynet.fr\/index.php?rest_route=\/wp\/v2\/users\/1"}],"replies":[{"embeddable":true,"href":"http:\/\/www.nadinepleynet.fr\/index.php?rest_route=%2Fwp%2Fv2%2Fcomments&post=885"}],"version-history":[{"count":82,"href":"http:\/\/www.nadinepleynet.fr\/index.php?rest_route=\/wp\/v2\/pages\/885\/revisions"}],"predecessor-version":[{"id":4419,"href":"http:\/\/www.nadinepleynet.fr\/index.php?rest_route=\/wp\/v2\/pages\/885\/revisions\/4419"}],"wp:attachment":[{"href":"http:\/\/www.nadinepleynet.fr\/index.php?rest_route=%2Fwp%2Fv2%2Fmedia&parent=885"}],"curies":[{"name":"wp","href":"https:\/\/api.w.org\/{rel}","templated":true}]}}