{"id":419,"date":"2010-01-27T07:20:55","date_gmt":"2010-01-27T06:20:55","guid":{"rendered":"http:\/\/www.nadinepleynet.fr\/?page_id=419"},"modified":"2025-02-18T18:41:10","modified_gmt":"2025-02-18T17:41:10","slug":"presse","status":"publish","type":"page","link":"http:\/\/www.nadinepleynet.fr\/?page_id=419","title":{"rendered":"Actus"},"content":{"rendered":"<p><img loading=\"lazy\" class=\"size-medium wp-image-4267 aligncenter\" src=\"http:\/\/www.nadinepleynet.fr\/wp-content\/uploads\/2022\/10\/IMG_1918-202x300.jpeg\" alt=\"\" width=\"202\" height=\"300\" srcset=\"http:\/\/www.nadinepleynet.fr\/wp-content\/uploads\/2022\/10\/IMG_1918-202x300.jpeg 202w, http:\/\/www.nadinepleynet.fr\/wp-content\/uploads\/2022\/10\/IMG_1918-1380x2048.jpeg 1380w, http:\/\/www.nadinepleynet.fr\/wp-content\/uploads\/2022\/10\/IMG_1918-768x1140.jpeg 768w, http:\/\/www.nadinepleynet.fr\/wp-content\/uploads\/2022\/10\/IMG_1918-1035x1536.jpeg 1035w, http:\/\/www.nadinepleynet.fr\/wp-content\/uploads\/2022\/10\/IMG_1918-scaled.jpeg 1725w\" sizes=\"(max-width: 202px) 100vw, 202px\" \/>Parution d&rsquo;une Histoire hospitali\u00e8re au Puy en Velay : couverture aquarelle, acrylique, fusain&#8230;&#8230;<\/p>\n<p align=\"center\"><strong><span style=\"font-size: medium;\"><em><span style=\"text-decoration: underline;\">.<\/span><\/em><\/span><\/strong><\/p>\n<p>.<img loading=\"lazy\" class=\"alignright size-medium wp-image-3006\" src=\"http:\/\/www.nadinepleynet.fr\/wp-content\/uploads\/2010\/01\/DSC_0418-300x292.jpg\" alt=\"DSC_0418\" width=\"300\" height=\"292\" srcset=\"http:\/\/www.nadinepleynet.fr\/wp-content\/uploads\/2010\/01\/DSC_0418-300x292.jpg 300w, http:\/\/www.nadinepleynet.fr\/wp-content\/uploads\/2010\/01\/DSC_0418.jpg 480w\" sizes=\"(max-width: 300px) 100vw, 300px\" \/><\/p>\n<p>&nbsp;<\/p>\n<p>&nbsp;<\/p>\n<p>&#8230;&#8230;&#8230;&#8230;&#8230;&#8230;&#8230;&#8230;&#8230;&#8230;&#8230;&#8230;&#8230;&#8230;&#8230;&#8230;&#8230;&#8230;&#8230;&#8230;&#8230;&#8230;&#8230;&#8230;&#8230;&#8230;&#8230;&#8230;&#8230;&#8230;&#8230;&#8230;&#8230;&#8230;&#8230;&#8230;&#8230;&#8230;&#8230;&#8230;&#8230;&#8230;&#8230;&#8230;&#8230;&#8230;&#8230;&#8230;&#8230;&#8230;&#8230;&#8230;&#8230;&#8230;&#8230;&#8230;&#8230;&#8230;&#8230;&#8230;&#8230;&#8230;&#8230;<\/p>\n<p>&nbsp;<\/p>\n<p>&nbsp;<\/p>\n<p><img loading=\"lazy\" class=\"alignright size-medium wp-image-3433\" src=\"http:\/\/www.nadinepleynet.fr\/wp-content\/uploads\/2010\/01\/DSC_0856.jpg\" alt=\"DSC_0856\" width=\"1\" height=\"1\" \/><img loading=\"lazy\" class=\"alignright size-medium wp-image-3433\" src=\"http:\/\/www.nadinepleynet.fr\/wp-content\/uploads\/2010\/01\/DSC_0856.jpg\" alt=\"DSC_0856\" width=\"1\" height=\"1\" \/><\/p>\n<p>&nbsp;<\/p>\n<p>&nbsp;<\/p>\n<p>&nbsp;<\/p>\n<p><strong><span style=\"font-size: medium;\">\u00a0\u00a0<\/span><\/strong><\/p>\n<p>&nbsp;<\/p>\n<p>Les Expos :<\/p>\n<p>Conseil g\u00e9n\u00e9ral Le Puy en Velay<\/p>\n<p>Le Majestic, galerie brasserie Le Puy<\/p>\n<p>L&rsquo;instant brasserie, toute l&rsquo;ann\u00e9e Le Puy<\/p>\n<p>L&rsquo;Ermitage, toute l&rsquo;ann\u00e9e Espaly<\/p>\n<p>H\u00f4tel Ibis Le Puy<\/p>\n<p>&nbsp;<\/p>\n<p>&nbsp;<\/p>\n<p>&nbsp;<\/p>\n<p>&nbsp;<\/p>\n<p>&nbsp;<\/p>\n<p>&nbsp;<\/p>\n<p>&nbsp;<\/p>\n<p>&nbsp;<\/p>\n<p>&nbsp;<\/p>\n<p><img loading=\"lazy\" class=\" wp-image-3482 aligncenter\" src=\"http:\/\/www.nadinepleynet.fr\/wp-content\/uploads\/2010\/01\/DSC_0081-300x199.jpg\" alt=\"DSC_0081\" width=\"516\" height=\"342\" srcset=\"http:\/\/www.nadinepleynet.fr\/wp-content\/uploads\/2010\/01\/DSC_0081-300x199.jpg 300w, http:\/\/www.nadinepleynet.fr\/wp-content\/uploads\/2010\/01\/DSC_0081.jpg 480w\" sizes=\"(max-width: 516px) 100vw, 516px\" \/><\/p>\n<p><strong>&#8230;&#8230;&#8230;&#8230;&#8230;&#8230;&#8230;&#8230;&#8230;&#8230;&#8230;&#8230;&#8230;&#8230;&#8230;&#8230;&#8230;&#8230;&#8230;&#8230;&#8230;&#8230;&#8230;&#8230;&#8230;&#8230;&#8230;&#8230;&#8230;&#8230;&#8230;&#8230;&#8230;&#8230;&#8230;&#8230;&#8230;&#8230;&#8230;&#8230;&#8230;&#8230;&#8230;&#8230;&#8230;&#8230;&#8230;&#8230;&#8230;&#8230;&#8230;&#8230;&#8230;&#8230;&#8230;&#8230;&#8230;&#8230;&#8230;&#8230;&#8230;..<\/strong>&#8230;&#8230;&#8230;&#8230;&#8230;&#8230;&#8230;&#8230;&#8230;&#8230;&#8230;&#8230;&#8230;&#8230;&#8230;&#8230;&#8230;&#8230;&#8230;&#8230;&#8230;&#8230;&#8230;&#8230;&#8230;&#8230;&#8230;&#8230;&#8230;&#8230;&#8230;&#8230;&#8230;&#8230;&#8230;&#8230;&#8230;&#8230;&#8230;&#8230;&#8230;&#8230;&#8230;&#8230;&#8230;&#8230;&#8230;&#8230;&#8230;&#8230;&#8230;&#8230;&#8230;&#8230;&#8230;&#8230;&#8230;&#8230;&#8230;&#8230;&#8230;&#8230;&#8230;..<\/p>\n<p>&#8230;&#8230;&#8230;&#8230;&#8230;&#8230;&#8230;&#8230;&#8230;&#8230;&#8230;&#8230;&#8230;&#8230;&#8230;&#8230;&#8230;&#8230;&#8230;&#8230;&#8230;&#8230;&#8230;&#8230;&#8230;&#8230;&#8230;&#8230;&#8230;&#8230;.<img loading=\"lazy\" class=\"alignright size-medium wp-image-3433\" src=\"http:\/\/www.nadinepleynet.fr\/wp-content\/uploads\/2010\/01\/DSC_0856.jpg\" alt=\"DSC_0856\" width=\"1\" height=\"1\" \/>&#8230;&#8230;&#8230;&#8230;&#8230;&#8230;&#8230;&#8230;&#8230;&#8230;&#8230;&#8230;&#8230;&#8230;&#8230;&#8230;&#8230;&#8230;&#8230;&#8230;&#8230;&#8230;.\u00a0&#8230;&#8230;&#8230;&#8230;&#8230;&#8230;&#8230;&#8230;&#8230;&#8230;&#8230;&#8230;&#8230;&#8230;&#8230;&#8230;&#8230;&#8230;&#8230;&#8230;&#8230;&#8230;&#8230;&#8230;&#8230;&#8230;&#8230;&#8230;&#8230;&#8230;&#8230;&#8230;&#8230;&#8230;&#8230;&#8230;&#8230;&#8230;&#8230;&#8230;&#8230;&#8230;&#8230;&#8230;&#8230;&#8230;&#8230;&#8230;&#8230;&#8230;&#8230;&#8230;&#8230;&#8230;&#8230;&#8230;&#8230;&#8230;&#8230;&#8230;&#8230;&#8230;&#8230;&#8230;&#8230;&#8230;<\/p>\n<p><img loading=\"lazy\" class=\"size-thumbnail wp-image-3135 alignleft\" src=\"http:\/\/www.nadinepleynet.fr\/wp-content\/uploads\/2010\/01\/DSC_0419-150x150.jpg\" alt=\"DSC_0419\" width=\"150\" height=\"150\" \/>Les silhouettes ponotes &#8230;.(peinture sur verre)<\/p>\n<p>&nbsp;<\/p>\n<p>______________________________________________________________________________________________<\/p>\n<p align=\"center\"><strong><span style=\"font-size: large;\"> <img loading=\"lazy\" class=\"alignleft size-medium wp-image-3971\" src=\"http:\/\/www.nadinepleynet.fr\/wp-content\/uploads\/2010\/01\/2017-08-04-22.53.54-196x300.jpg\" alt=\"\" width=\"196\" height=\"300\" srcset=\"http:\/\/www.nadinepleynet.fr\/wp-content\/uploads\/2010\/01\/2017-08-04-22.53.54-196x300.jpg 196w, http:\/\/www.nadinepleynet.fr\/wp-content\/uploads\/2010\/01\/2017-08-04-22.53.54.jpg 531w\" sizes=\"(max-width: 196px) 100vw, 196px\" \/>\u00a0\u00a0<\/span><\/strong><\/p>\n<p>&nbsp;<\/p>\n<p>Affiche Officielle des Montgolfi\u00e8res du Velay&#8230;..<\/p>\n<p><strong><span style=\"font-size: large;\"><em>\u00a0&#8230;&#8230;&#8230;&#8230;&#8230;&#8230;&#8230;&#8230;&#8230;&#8230;&#8230;&#8230;&#8230;&#8230;&#8230;&#8230;&#8230;&#8230;&#8230;&#8230;&#8230;&#8230;&#8230;&#8230;&#8230;&#8230;&#8230;&#8230;&#8230;&#8230;&#8230;&#8230;&#8230;&#8230;&#8230;&#8230;&#8230;&#8230;&#8230;&#8230;&#8230;&#8230;&#8230;&#8230;&#8230;&#8230;&#8230;..<\/em><\/span><\/strong><\/p>\n","protected":false},"excerpt":{"rendered":"<p>Parution d&rsquo;une Histoire hospitali\u00e8re au Puy en Velay : couverture aquarelle, acrylique, fusain&#8230;&#8230; . . &nbsp; &nbsp; &#8230;&#8230;&#8230;&#8230;&#8230;&#8230;&#8230;&#8230;&#8230;&#8230;&#8230;&#8230;&#8230;&#8230;&#8230;&#8230;&#8230;&#8230;&#8230;&#8230;&#8230;&#8230;&#8230;&#8230;&#8230;&#8230;&#8230;&#8230;&#8230;&#8230;&#8230;&#8230;&#8230;&#8230;&#8230;&#8230;&#8230;&#8230;&#8230;&#8230;&#8230;&#8230;&#8230;&#8230;&#8230;&#8230;&#8230;&#8230;&#8230;&#8230;&#8230;&#8230;&#8230;&#8230;&#8230;&#8230;&#8230;&#8230;&#8230;&#8230;&#8230;&#8230;&#8230; &nbsp; &nbsp; &nbsp; &nbsp; &nbsp; \u00a0\u00a0 &nbsp; Les Expos : Conseil g\u00e9n\u00e9ral Le Puy en Velay Le Majestic, galerie brasserie Le Puy L&rsquo;instant brasserie, toute l&rsquo;ann\u00e9e Le Puy L&rsquo;Ermitage, toute l&rsquo;ann\u00e9e Espaly H\u00f4tel Ibis Le Puy &nbsp; [&hellip;]<\/p>\n","protected":false},"author":1,"featured_media":0,"parent":0,"menu_order":6,"comment_status":"closed","ping_status":"open","template":"page-without-comments.php","meta":[],"_links":{"self":[{"href":"http:\/\/www.nadinepleynet.fr\/index.php?rest_route=\/wp\/v2\/pages\/419"}],"collection":[{"href":"http:\/\/www.nadinepleynet.fr\/index.php?rest_route=\/wp\/v2\/pages"}],"about":[{"href":"http:\/\/www.nadinepleynet.fr\/index.php?rest_route=\/wp\/v2\/types\/page"}],"author":[{"embeddable":true,"href":"http:\/\/www.nadinepleynet.fr\/index.php?rest_route=\/wp\/v2\/users\/1"}],"replies":[{"embeddable":true,"href":"http:\/\/www.nadinepleynet.fr\/index.php?rest_route=%2Fwp%2Fv2%2Fcomments&post=419"}],"version-history":[{"count":204,"href":"http:\/\/www.nadinepleynet.fr\/index.php?rest_route=\/wp\/v2\/pages\/419\/revisions"}],"predecessor-version":[{"id":4377,"href":"http:\/\/www.nadinepleynet.fr\/index.php?rest_route=\/wp\/v2\/pages\/419\/revisions\/4377"}],"wp:attachment":[{"href":"http:\/\/www.nadinepleynet.fr\/index.php?rest_route=%2Fwp%2Fv2%2Fmedia&parent=419"}],"curies":[{"name":"wp","href":"https:\/\/api.w.org\/{rel}","templated":true}]}}