{"id":166,"date":"2010-01-24T12:39:22","date_gmt":"2010-01-24T11:39:22","guid":{"rendered":"http:\/\/www.nadinepleynet.fr\/?page_id=166"},"modified":"2025-02-24T18:24:17","modified_gmt":"2025-02-24T17:24:17","slug":"biographie","status":"publish","type":"page","link":"http:\/\/www.nadinepleynet.fr\/?page_id=166","title":{"rendered":"Biographie"},"content":{"rendered":"<h3><a href=\"http:\/\/www.nadinepleynet.fr\/?page_id=705\">L&rsquo;atelier<\/a>\u00a0 \u00a0 \u00a0 \u00a0 \u00a0 \u00a0POUR CONTACT : \u00a0nadine.pleynet@ik.me<\/h3>\n<table style=\"width: 100%;\" border=\"1\" cellspacing=\"10\" cellpadding=\"10\" align=\"center\">\n<tbody>\n<tr>\n<td style=\"border-color: #000000;\">\n<p style=\"text-align: justify;\">Nadine Pleynet est n\u00e9e \u00e0 Lyon et vit depuis plusieurs ann\u00e9es, au Puy En Velay, d\u00e9licieuse ville au riche pass\u00e9 culturel..<\/p>\n<p style=\"text-align: justify;\">D\u00e8s sa plus tendre enfance, crayons et pinceaux font partie de son univers.<br \/>\nApr\u00e8s des \u00e9tudes artistiques \u00e0 Lyon, elle enchaine sur une \u00e9cole de photographie, toujours \u00e0 Lyon, puis travaille ,dipl\u00f4mes en poche ,dans divers studios lyonnais, notamment en portraits, reportages mariages et industriels.<\/p>\n<p>&nbsp;<\/p>\n<p>&nbsp;<\/p>\n<p>&nbsp;<\/p>\n<p>&nbsp;<\/p>\n<p>Son travail relate en permanence le mouvement, notamment dans les personnages qu&rsquo;elle croque inlassablement. Sa passion de la couleur ajoute \u00e0 la puissance qui se d\u00e9gage de son travail. L\u2019expression humaine est le th\u00e8me r\u00e9current de ses toiles&#8230;..et l&rsquo;on d\u00e9couvre sa vision de la vie, de sa vie, dans ses toiles.<\/p>\n<p>Le dessin au fusain ou au crayon reste la base essentiel \u00e0 son travail .<\/p>\n<p>Si l&rsquo;aquarelle reste un plaisir \u00e0 pratiquer, elle pr\u00e9f\u00e8re l&rsquo;encre acrylique, plus pigment\u00e9e et plus compatible avec ses r\u00e9alisations.<\/p>\n<p>L&rsquo;attrait des grands formats la pousse \u00e0 r\u00e9aliser sc\u00e8nes de vie, portraits, quelques fleurs et paysages , et \u00e0 assouvir sa passion de la couleur\u00a0 dans de larges traits.<\/p>\n<p>Dans son atelier refuge, la vie en couleur vous emporte vers une joie de vivre et une jubilation palpables d\u00e8s le seuil franchi.\u00a0\u00a0\u00a0\u00a0\u00a0\u00a0\u00a0\u00a0\u00a0\u00a0\u00a0\u00a0\u00a0\u00a0\u00a0\u00a0\u00a0\u00a0\u00a0\u00a0\u00a0\u00a0\u00a0 <em>Article J.GAILLARD<\/em><\/p>\n<p>&nbsp;<\/p>\n<p>&nbsp;<\/p>\n<p>&nbsp;<\/p>\n<p>&nbsp;<\/p>\n<p>&nbsp;<\/td>\n<td style=\"border-color: #000000;\"><img loading=\"lazy\" src=\"http:\/\/www.nadinepleynet.fr\/wp-content\/uploads\/image\/DSC_3342(1).jpg\" alt=\"\" width=\"150\" height=\"277\" align=\"middle\" border=\"2\" hspace=\"7\" \/><\/td>\n<\/tr>\n<tr>\n<td style=\"border-color: #000000;\">\n<h3><em><strong>\u00ab\u00a0Pour apprendre encore et encore, se remettre en question, sans cesse progresser, deviner,trancher, chercher, se tromper, s illuminer, pleurer, rire ou sauter&#8230;.! rien de tel que de se confronter aux autres artistes, au regard du public, se plonger dans les biographies de certains peintres, d&rsquo;imiter m\u00eame, essayer sans rel\u00e2che de percer les myst\u00e8res picturaux de certains, r\u00e9fl\u00e9chir encore et encore, bref la jouissance de peindre passe par la douleur de ne rien savoir, rien comprendre, rien savoir faire, si ce n&rsquo;est d&rsquo;avoir envie&#8230;..\u00a0\u00bb<br \/>\n<\/strong><\/em><\/h3>\n<\/td>\n<td style=\"border-color: #000000;\"><img loading=\"lazy\" class=\"alignnone size-medium wp-image-4386\" src=\"http:\/\/www.nadinepleynet.fr\/wp-content\/uploads\/2025\/02\/IMG_8828-1-225x300.jpeg\" alt=\"\" width=\"225\" height=\"300\" srcset=\"http:\/\/www.nadinepleynet.fr\/wp-content\/uploads\/2025\/02\/IMG_8828-1-225x300.jpeg 225w, http:\/\/www.nadinepleynet.fr\/wp-content\/uploads\/2025\/02\/IMG_8828-1-1536x2048.jpeg 1536w, http:\/\/www.nadinepleynet.fr\/wp-content\/uploads\/2025\/02\/IMG_8828-1-768x1024.jpeg 768w, http:\/\/www.nadinepleynet.fr\/wp-content\/uploads\/2025\/02\/IMG_8828-1-1152x1536.jpeg 1152w, http:\/\/www.nadinepleynet.fr\/wp-content\/uploads\/2025\/02\/IMG_8828-1-scaled.jpeg 1920w\" sizes=\"(max-width: 225px) 100vw, 225px\" \/><\/td>\n<\/tr>\n<tr>\n<td style=\"border-color: #000000; text-align: justify;\">\n<h3>\u00ab\u00a0<em>La couleur donne un sens \u00e0 la vie et explose sur la toile&#8230;.Colorier la vie c&rsquo;est l&rsquo;adoucir, c&rsquo;est d\u00e9livrer un message de joie et d&rsquo;amour&#8230;..La couleur me semble \u00eatre une obligation d&rsquo;espoir, comme un cadeau \u00e0 faire \u00e0 ceux qui regardent&#8230;.\u00a0\u00bb<\/em><\/h3>\n<p><strong><em>Nadine Pleynet<\/em><\/strong><\/p>\n<p style=\"text-align: right;\">\n<\/td>\n<td style=\"border-color: #000000;\"><img loading=\"lazy\" class=\"alignnone size-medium wp-image-4387\" src=\"http:\/\/www.nadinepleynet.fr\/wp-content\/uploads\/2025\/02\/BC420726-3CE5-4880-BD34-26982C6C0CE3-241x300.jpg\" alt=\"\" width=\"241\" height=\"300\" srcset=\"http:\/\/www.nadinepleynet.fr\/wp-content\/uploads\/2025\/02\/BC420726-3CE5-4880-BD34-26982C6C0CE3-241x300.jpg 241w, http:\/\/www.nadinepleynet.fr\/wp-content\/uploads\/2025\/02\/BC420726-3CE5-4880-BD34-26982C6C0CE3-768x957.jpg 768w, http:\/\/www.nadinepleynet.fr\/wp-content\/uploads\/2025\/02\/BC420726-3CE5-4880-BD34-26982C6C0CE3-1233x1536.jpg 1233w, http:\/\/www.nadinepleynet.fr\/wp-content\/uploads\/2025\/02\/BC420726-3CE5-4880-BD34-26982C6C0CE3.jpg 1440w\" sizes=\"(max-width: 241px) 100vw, 241px\" \/><\/td>\n<\/tr>\n<\/tbody>\n<\/table>\n<p>&nbsp;<\/p>\n","protected":false},"excerpt":{"rendered":"<p>L&rsquo;atelier\u00a0 \u00a0 \u00a0 \u00a0 \u00a0 \u00a0POUR CONTACT : \u00a0nadine.pleynet@ik.me Nadine Pleynet est n\u00e9e \u00e0 Lyon et vit depuis plusieurs ann\u00e9es, au Puy En Velay, d\u00e9licieuse ville au riche pass\u00e9 culturel.. D\u00e8s sa plus tendre enfance, crayons et pinceaux font partie de son univers. Apr\u00e8s des \u00e9tudes artistiques \u00e0 Lyon, elle enchaine sur une \u00e9cole de [&hellip;]<\/p>\n","protected":false},"author":1,"featured_media":0,"parent":0,"menu_order":2,"comment_status":"closed","ping_status":"closed","template":"page-without-comments.php","meta":[],"_links":{"self":[{"href":"http:\/\/www.nadinepleynet.fr\/index.php?rest_route=\/wp\/v2\/pages\/166"}],"collection":[{"href":"http:\/\/www.nadinepleynet.fr\/index.php?rest_route=\/wp\/v2\/pages"}],"about":[{"href":"http:\/\/www.nadinepleynet.fr\/index.php?rest_route=\/wp\/v2\/types\/page"}],"author":[{"embeddable":true,"href":"http:\/\/www.nadinepleynet.fr\/index.php?rest_route=\/wp\/v2\/users\/1"}],"replies":[{"embeddable":true,"href":"http:\/\/www.nadinepleynet.fr\/index.php?rest_route=%2Fwp%2Fv2%2Fcomments&post=166"}],"version-history":[{"count":93,"href":"http:\/\/www.nadinepleynet.fr\/index.php?rest_route=\/wp\/v2\/pages\/166\/revisions"}],"predecessor-version":[{"id":4389,"href":"http:\/\/www.nadinepleynet.fr\/index.php?rest_route=\/wp\/v2\/pages\/166\/revisions\/4389"}],"wp:attachment":[{"href":"http:\/\/www.nadinepleynet.fr\/index.php?rest_route=%2Fwp%2Fv2%2Fmedia&parent=166"}],"curies":[{"name":"wp","href":"https:\/\/api.w.org\/{rel}","templated":true}]}}