{"id":1209,"date":"2010-04-03T09:36:41","date_gmt":"2010-04-03T08:36:41","guid":{"rendered":"http:\/\/www.nadinepleynet.fr\/?page_id=1209"},"modified":"2026-02-17T08:12:06","modified_gmt":"2026-02-17T07:12:06","slug":"formes","status":"publish","type":"page","link":"http:\/\/www.nadinepleynet.fr\/?page_id=1209","title":{"rendered":"C\u00e9ramiques peintes"},"content":{"rendered":"<h2>Personnalisation sur demande &#8230;.<\/h2>\n<p>Mugs, assiettes, coupelles : peintures sp\u00e9ciales c\u00e9ramique lavables \u00e0 la main de pr\u00e9f\u00e9rence.<\/p>\n<p style=\"text-align: center;\"><a href=\"http:\/\/www.nadinepleynet.fr\/?page_id=431\"><span style=\"font-size: 16px;\">Pr\u00e9c\u00e9dent<\/span><\/a><span style=\"font-size: 16px;\"><span style=\"display: none;\">\u00a0<\/span><\/span><\/p>\n<p><img loading=\"lazy\" class=\"alignnone size-medium wp-image-4355\" src=\"http:\/\/www.nadinepleynet.fr\/wp-content\/uploads\/2025\/02\/IMG_9409-225x300.jpeg\" alt=\"Assiettes peintes en situation\" width=\"225\" height=\"300\" srcset=\"http:\/\/www.nadinepleynet.fr\/wp-content\/uploads\/2025\/02\/IMG_9409-225x300.jpeg 225w, http:\/\/www.nadinepleynet.fr\/wp-content\/uploads\/2025\/02\/IMG_9409-1536x2048.jpeg 1536w, http:\/\/www.nadinepleynet.fr\/wp-content\/uploads\/2025\/02\/IMG_9409-768x1024.jpeg 768w, http:\/\/www.nadinepleynet.fr\/wp-content\/uploads\/2025\/02\/IMG_9409-1152x1536.jpeg 1152w, http:\/\/www.nadinepleynet.fr\/wp-content\/uploads\/2025\/02\/IMG_9409-scaled.jpeg 1920w\" sizes=\"(max-width: 225px) 100vw, 225px\" \/> <img loading=\"lazy\" class=\"alignnone size-medium wp-image-4356\" src=\"http:\/\/www.nadinepleynet.fr\/wp-content\/uploads\/2025\/02\/IMG_9410-225x300.jpeg\" alt=\"\" width=\"225\" height=\"300\" srcset=\"http:\/\/www.nadinepleynet.fr\/wp-content\/uploads\/2025\/02\/IMG_9410-225x300.jpeg 225w, http:\/\/www.nadinepleynet.fr\/wp-content\/uploads\/2025\/02\/IMG_9410-1536x2048.jpeg 1536w, http:\/\/www.nadinepleynet.fr\/wp-content\/uploads\/2025\/02\/IMG_9410-768x1024.jpeg 768w, http:\/\/www.nadinepleynet.fr\/wp-content\/uploads\/2025\/02\/IMG_9410-1152x1536.jpeg 1152w, http:\/\/www.nadinepleynet.fr\/wp-content\/uploads\/2025\/02\/IMG_9410-scaled.jpeg 1920w\" sizes=\"(max-width: 225px) 100vw, 225px\" \/>Assiettes peintes en situation<\/p>\n<table style=\"width: 633px; height: 1213px;\" border=\"1\" cellspacing=\"8\" cellpadding=\"8\" align=\"center\">\n<tbody>\n<tr>\n<td style=\"text-align: center;\"><img loading=\"lazy\" class=\"alignleft size-medium wp-image-4441\" src=\"http:\/\/www.nadinepleynet.fr\/wp-content\/uploads\/2026\/02\/IMG_10951-300x225.jpeg\" alt=\"\" width=\"300\" height=\"225\" srcset=\"http:\/\/www.nadinepleynet.fr\/wp-content\/uploads\/2026\/02\/IMG_10951-300x225.jpeg 300w, http:\/\/www.nadinepleynet.fr\/wp-content\/uploads\/2026\/02\/IMG_10951-2048x1536.jpeg 2048w, http:\/\/www.nadinepleynet.fr\/wp-content\/uploads\/2026\/02\/IMG_10951-768x576.jpeg 768w, http:\/\/www.nadinepleynet.fr\/wp-content\/uploads\/2026\/02\/IMG_10951-1536x1152.jpeg 1536w\" sizes=\"(max-width: 300px) 100vw, 300px\" \/><\/p>\n<p><img loading=\"lazy\" class=\"alignleft size-medium wp-image-4450\" src=\"http:\/\/www.nadinepleynet.fr\/wp-content\/uploads\/2026\/02\/IMG_1386-300x225.jpeg\" alt=\"\" width=\"300\" height=\"225\" srcset=\"http:\/\/www.nadinepleynet.fr\/wp-content\/uploads\/2026\/02\/IMG_1386-300x225.jpeg 300w, http:\/\/www.nadinepleynet.fr\/wp-content\/uploads\/2026\/02\/IMG_1386-2048x1536.jpeg 2048w, http:\/\/www.nadinepleynet.fr\/wp-content\/uploads\/2026\/02\/IMG_1386-768x576.jpeg 768w, http:\/\/www.nadinepleynet.fr\/wp-content\/uploads\/2026\/02\/IMG_1386-1536x1152.jpeg 1536w\" sizes=\"(max-width: 300px) 100vw, 300px\" \/>\u00a0<img loading=\"lazy\" class=\"alignleft size-medium wp-image-4451\" src=\"http:\/\/www.nadinepleynet.fr\/wp-content\/uploads\/2026\/02\/IMG_1387-300x234.jpeg\" alt=\"\" width=\"300\" height=\"234\" srcset=\"http:\/\/www.nadinepleynet.fr\/wp-content\/uploads\/2026\/02\/IMG_1387-300x234.jpeg 300w, http:\/\/www.nadinepleynet.fr\/wp-content\/uploads\/2026\/02\/IMG_1387-2048x1601.jpeg 2048w, http:\/\/www.nadinepleynet.fr\/wp-content\/uploads\/2026\/02\/IMG_1387-768x600.jpeg 768w, http:\/\/www.nadinepleynet.fr\/wp-content\/uploads\/2026\/02\/IMG_1387-1536x1201.jpeg 1536w\" sizes=\"(max-width: 300px) 100vw, 300px\" \/><br \/>\n<img loading=\"lazy\" class=\"alignnone size-medium wp-image-4362\" src=\"http:\/\/www.nadinepleynet.fr\/wp-content\/uploads\/2025\/02\/IMG_8611-245x300.jpeg\" alt=\"\" width=\"245\" height=\"300\" srcset=\"http:\/\/www.nadinepleynet.fr\/wp-content\/uploads\/2025\/02\/IMG_8611-245x300.jpeg 245w, http:\/\/www.nadinepleynet.fr\/wp-content\/uploads\/2025\/02\/IMG_8611-1672x2048.jpeg 1672w, http:\/\/www.nadinepleynet.fr\/wp-content\/uploads\/2025\/02\/IMG_8611-768x941.jpeg 768w, http:\/\/www.nadinepleynet.fr\/wp-content\/uploads\/2025\/02\/IMG_8611-1254x1536.jpeg 1254w\" sizes=\"(max-width: 245px) 100vw, 245px\" \/> Verres grav\u00e9s <img loading=\"lazy\" class=\"alignnone size-medium wp-image-4363\" src=\"http:\/\/www.nadinepleynet.fr\/wp-content\/uploads\/2025\/02\/IMG_8964-225x300.jpeg\" alt=\"\" width=\"225\" height=\"300\" srcset=\"http:\/\/www.nadinepleynet.fr\/wp-content\/uploads\/2025\/02\/IMG_8964-225x300.jpeg 225w, http:\/\/www.nadinepleynet.fr\/wp-content\/uploads\/2025\/02\/IMG_8964-1536x2048.jpeg 1536w, http:\/\/www.nadinepleynet.fr\/wp-content\/uploads\/2025\/02\/IMG_8964-768x1024.jpeg 768w, http:\/\/www.nadinepleynet.fr\/wp-content\/uploads\/2025\/02\/IMG_8964-1152x1536.jpeg 1152w, http:\/\/www.nadinepleynet.fr\/wp-content\/uploads\/2025\/02\/IMG_8964-scaled.jpeg 1920w\" sizes=\"(max-width: 225px) 100vw, 225px\" \/><\/td>\n<td style=\"text-align: center;\"><a href=\"http:\/\/www.nadinepleynet.fr\/wp-content\/uploads\/image\/DSC_0891.JPG\" target=\"_blank\" rel=\"noopener noreferrer\"><img loading=\"lazy\" class=\"alignleft size-medium wp-image-4447\" src=\"http:\/\/www.nadinepleynet.fr\/wp-content\/uploads\/2026\/02\/IMG_1237-271x300.jpeg\" alt=\"\" width=\"271\" height=\"300\" srcset=\"http:\/\/www.nadinepleynet.fr\/wp-content\/uploads\/2026\/02\/IMG_1237-271x300.jpeg 271w, http:\/\/www.nadinepleynet.fr\/wp-content\/uploads\/2026\/02\/IMG_1237-1848x2048.jpeg 1848w, http:\/\/www.nadinepleynet.fr\/wp-content\/uploads\/2026\/02\/IMG_1237-768x851.jpeg 768w, http:\/\/www.nadinepleynet.fr\/wp-content\/uploads\/2026\/02\/IMG_1237-1386x1536.jpeg 1386w\" sizes=\"(max-width: 271px) 100vw, 271px\" \/><br \/>\n<img loading=\"lazy\" class=\"alignleft size-medium wp-image-4443\" src=\"http:\/\/www.nadinepleynet.fr\/wp-content\/uploads\/2026\/02\/IMG_1103-300x225.jpeg\" alt=\"\" width=\"300\" height=\"225\" srcset=\"http:\/\/www.nadinepleynet.fr\/wp-content\/uploads\/2026\/02\/IMG_1103-300x225.jpeg 300w, http:\/\/www.nadinepleynet.fr\/wp-content\/uploads\/2026\/02\/IMG_1103-2048x1536.jpeg 2048w, http:\/\/www.nadinepleynet.fr\/wp-content\/uploads\/2026\/02\/IMG_1103-768x576.jpeg 768w, http:\/\/www.nadinepleynet.fr\/wp-content\/uploads\/2026\/02\/IMG_1103-1536x1152.jpeg 1536w\" sizes=\"(max-width: 300px) 100vw, 300px\" \/><br \/>\n<img loading=\"lazy\" class=\"alignleft size-medium wp-image-4446\" src=\"http:\/\/www.nadinepleynet.fr\/wp-content\/uploads\/2026\/02\/IMG_1235-262x300.jpeg\" alt=\"\" width=\"262\" height=\"300\" srcset=\"http:\/\/www.nadinepleynet.fr\/wp-content\/uploads\/2026\/02\/IMG_1235-262x300.jpeg 262w, http:\/\/www.nadinepleynet.fr\/wp-content\/uploads\/2026\/02\/IMG_1235-1789x2048.jpeg 1789w, http:\/\/www.nadinepleynet.fr\/wp-content\/uploads\/2026\/02\/IMG_1235-768x879.jpeg 768w, http:\/\/www.nadinepleynet.fr\/wp-content\/uploads\/2026\/02\/IMG_1235-1342x1536.jpeg 1342w\" sizes=\"(max-width: 262px) 100vw, 262px\" \/><br \/>\n<\/a><img loading=\"lazy\" class=\"alignleft size-medium wp-image-4442\" src=\"http:\/\/www.nadinepleynet.fr\/wp-content\/uploads\/2026\/02\/IMG_1099-300x225.jpeg\" alt=\"\" width=\"300\" height=\"225\" srcset=\"http:\/\/www.nadinepleynet.fr\/wp-content\/uploads\/2026\/02\/IMG_1099-300x225.jpeg 300w, http:\/\/www.nadinepleynet.fr\/wp-content\/uploads\/2026\/02\/IMG_1099-2048x1536.jpeg 2048w, http:\/\/www.nadinepleynet.fr\/wp-content\/uploads\/2026\/02\/IMG_1099-768x576.jpeg 768w, http:\/\/www.nadinepleynet.fr\/wp-content\/uploads\/2026\/02\/IMG_1099-1536x1152.jpeg 1536w\" sizes=\"(max-width: 300px) 100vw, 300px\" \/><\/td>\n<\/tr>\n<tr>\n<td style=\"text-align: center;\"><img loading=\"lazy\" class=\"alignleft size-medium wp-image-4449\" src=\"http:\/\/www.nadinepleynet.fr\/wp-content\/uploads\/2026\/02\/IMG_1366-225x300.jpeg\" alt=\"\" width=\"225\" height=\"300\" srcset=\"http:\/\/www.nadinepleynet.fr\/wp-content\/uploads\/2026\/02\/IMG_1366-225x300.jpeg 225w, http:\/\/www.nadinepleynet.fr\/wp-content\/uploads\/2026\/02\/IMG_1366-1536x2048.jpeg 1536w, http:\/\/www.nadinepleynet.fr\/wp-content\/uploads\/2026\/02\/IMG_1366-768x1024.jpeg 768w, http:\/\/www.nadinepleynet.fr\/wp-content\/uploads\/2026\/02\/IMG_1366-1152x1536.jpeg 1152w, http:\/\/www.nadinepleynet.fr\/wp-content\/uploads\/2026\/02\/IMG_1366-scaled.jpeg 1920w\" sizes=\"(max-width: 225px) 100vw, 225px\" \/><\/td>\n<td style=\"text-align: center;\"><\/td>\n<\/tr>\n<tr>\n<td style=\"text-align: center;\"><\/td>\n<td style=\"text-align: center;\"><\/td>\n<\/tr>\n<tr>\n<td style=\"text-align: center;\"><\/td>\n<td style=\"text-align: center;\"><\/td>\n<\/tr>\n<\/tbody>\n<\/table>\n<p>&nbsp;<\/p>\n<p>&nbsp;<\/p>\n<p>&nbsp;<\/p>\n<p style=\"text-align: center;\"><span style=\"font-size: 16px;\"><a href=\"http:\/\/www.nadinepleynet.fr\/?page_id=431\"><span style=\"font-size: 16px;\">Pr\u00e9c\u00e9dent<\/span><\/a><\/span><\/p>\n<p>&nbsp;<\/p>\n","protected":false},"excerpt":{"rendered":"<p>Personnalisation sur demande &#8230;. Mugs, assiettes, coupelles : peintures sp\u00e9ciales c\u00e9ramique lavables \u00e0 la main de pr\u00e9f\u00e9rence. Pr\u00e9c\u00e9dent\u00a0 Assiettes peintes en situation \u00a0 Verres grav\u00e9s &nbsp; &nbsp; &nbsp; Pr\u00e9c\u00e9dent &nbsp;<\/p>\n","protected":false},"author":1,"featured_media":0,"parent":0,"menu_order":0,"comment_status":"closed","ping_status":"open","template":"","meta":[],"_links":{"self":[{"href":"http:\/\/www.nadinepleynet.fr\/index.php?rest_route=\/wp\/v2\/pages\/1209"}],"collection":[{"href":"http:\/\/www.nadinepleynet.fr\/index.php?rest_route=\/wp\/v2\/pages"}],"about":[{"href":"http:\/\/www.nadinepleynet.fr\/index.php?rest_route=\/wp\/v2\/types\/page"}],"author":[{"embeddable":true,"href":"http:\/\/www.nadinepleynet.fr\/index.php?rest_route=\/wp\/v2\/users\/1"}],"replies":[{"embeddable":true,"href":"http:\/\/www.nadinepleynet.fr\/index.php?rest_route=%2Fwp%2Fv2%2Fcomments&post=1209"}],"version-history":[{"count":63,"href":"http:\/\/www.nadinepleynet.fr\/index.php?rest_route=\/wp\/v2\/pages\/1209\/revisions"}],"predecessor-version":[{"id":4452,"href":"http:\/\/www.nadinepleynet.fr\/index.php?rest_route=\/wp\/v2\/pages\/1209\/revisions\/4452"}],"wp:attachment":[{"href":"http:\/\/www.nadinepleynet.fr\/index.php?rest_route=%2Fwp%2Fv2%2Fmedia&parent=1209"}],"curies":[{"name":"wp","href":"https:\/\/api.w.org\/{rel}","templated":true}]}}